{"id":352,"date":"2025-01-24T13:11:05","date_gmt":"2025-01-24T13:11:05","guid":{"rendered":"http:\/\/www.asociacionimena.com\/?page_id=352"},"modified":"2025-01-25T12:44:13","modified_gmt":"2025-01-25T12:44:13","slug":"familia","status":"publish","type":"page","link":"https:\/\/www.asociacionimena.com\/index.php\/familia\/","title":{"rendered":"Familia"},"content":{"rendered":"\t\t<div data-elementor-type=\"wp-page\" data-elementor-id=\"352\" class=\"elementor elementor-352\">\n\t\t\t\t<div class=\"elementor-element elementor-element-182d1ee9 e-flex e-con-boxed e-con e-parent\" data-id=\"182d1ee9\" data-element_type=\"container\" data-e-type=\"container\">\n\t\t\t\t\t<div class=\"e-con-inner\">\n\t\t\t\t<div class=\"elementor-element elementor-element-3f9418c2 elementor-widget elementor-widget-text-editor\" data-id=\"3f9418c2\" data-element_type=\"widget\" data-e-type=\"widget\" data-widget_type=\"text-editor.default\">\n\t\t\t\t<div class=\"elementor-widget-container\">\n\t\t\t\t\t\t\t\t\t<p>Entendemos que las <strong>familias<\/strong> juegan un papel fundamental en el proceso de desarrollo, por lo que nos proponemos ofrecer el apoyo necesario en su d\u00eda a d\u00eda dentro del hogar, ayud\u00e1ndoles a gestionar las limitaciones que puedan surgir.\u00a0<\/p>\n<p><!-- \/wp:paragraph --><!-- wp:paragraph --><\/p>\n<p>El trabajo se centra en proporcionar un Servicio Especializado en el Contexto Natural, asegurando que los aprendizajes se generalicen tanto en el domicilio como en el resto de entornos en el que el ni\u00f1o interact\u00faa y se comunica.\u00a0<\/p>\n<p>Adem\u00e1s, ofrecemos programas espec\u00edficos, orientaci\u00f3n y asesoramiento a las familias, as\u00ed como cursos de formaci\u00f3n para empoderarlas en el proceso de crianza y acompa\u00f1amiento.\u00a0<\/p>\n<p><img decoding=\"async\" class=\"aligncenter wp-image-90\" src=\"http:\/\/www.asociacionimena.com\/wp-content\/uploads\/2023\/11\/1699180497110-3-edited-169x300.jpeg\" alt=\"\" width=\"100\" height=\"177\" srcset=\"https:\/\/www.asociacionimena.com\/wp-content\/uploads\/2023\/11\/1699180497110-3-edited-169x300.jpeg 169w, https:\/\/www.asociacionimena.com\/wp-content\/uploads\/2023\/11\/1699180497110-3-edited-576x1024.jpeg 576w, https:\/\/www.asociacionimena.com\/wp-content\/uploads\/2023\/11\/1699180497110-3-edited-768x1365.jpeg 768w, https:\/\/www.asociacionimena.com\/wp-content\/uploads\/2023\/11\/1699180497110-3-edited-864x1536.jpeg 864w, https:\/\/www.asociacionimena.com\/wp-content\/uploads\/2023\/11\/1699180497110-3-edited-1152x2048.jpeg 1152w, https:\/\/www.asociacionimena.com\/wp-content\/uploads\/2023\/11\/1699180497110-3-edited-scaled.jpeg 1440w\" sizes=\"(max-width: 100px) 100vw, 100px\" \/><\/p>\n<p>El objetivo es que cada ni\u00f1o y ni\u00f1a pueda acceder al m\u00e1ximo potencial de su desarrollo, con el apoyo necesario para superar las barreras comunicativas y garantizar su desarrollo integral.<\/p>\n<p><!-- \/wp:paragraph --><!-- wp:image {\"id\":82,\"sizeSlug\":\"large\",\"linkDestination\":\"none\"} --><\/p>\n<figure class=\"wp-block-image size-large\"><\/figure>\n<p><!-- \/wp:image --><!-- wp:paragraph --><\/p>\n<p>Los padres y madres son las personas m\u00e1s importantes en la vida de un menor. En los Programas Hanen se aprenden estrategias pr\u00e1cticas para <strong>ayudar a comunicarse e interactuar en las actividades<\/strong> y rutinas de cada d\u00eda. Es en esas interacciones cotidianas familiares y repetitivas cuando las habilidades crecer\u00e1n.<\/p>\n<p><!-- \/wp:paragraph --><!-- wp:paragraph --><\/p>\n<p>La regulaci\u00f3n emocional se desarrolla mediante estrategias de Apoyo Conductual Positivo que ofrece una serie de <strong>estrategias para poner en marcha y obtener cambios conductuales<\/strong> mediante un proceso continuo y progresivo, realizando ajustes en el entorno, que lleven a un mejor procesamiento de las interacciones que, a su vez, conduzcan a respuestas m\u00e1s adaptadas, ya que la capacidad de autorregulaci\u00f3n se construye a trav\u00e9s de experiencias positivas.<\/p>\n<p><!-- \/wp:paragraph --><!-- wp:paragraph --><\/p>\n<p>El <strong>trabajo conjunto entre la escuela, la familia y los profesionales<\/strong> es la base para construir una red de apoyo s\u00f3lida y eficaz.<\/p>\n<p>Al unir esfuerzos y recursos, se asegura que el ni\u00f1o reciba el apoyo necesario en todos los contextos en los que se encuentra, ya sea en la escuela, en casa o en cualquier otro entorno.<\/p>\n<p>Esta colaboraci\u00f3n estrecha permite una atenci\u00f3n integral, que no solo aborda el aspecto acad\u00e9mico del ni\u00f1o, sino tambi\u00e9n su bienestar emocional, social y personal. En este sentido, se crea un entorno seguro y enriquecedor donde el ni\u00f1o puede aprender, crecer y desarrollarse de manera plena.<\/p>\n<p><!-- \/wp:paragraph --><\/p>\t\t\t\t\t\t\t\t<\/div>\n\t\t\t\t<\/div>\n\t\t\t\t\t<\/div>\n\t\t\t\t<\/div>\n\t\t<div class=\"elementor-element elementor-element-1f096c5 e-flex e-con-boxed e-con e-parent\" data-id=\"1f096c5\" data-element_type=\"container\" data-e-type=\"container\">\n\t\t\t\t\t<div class=\"e-con-inner\">\n\t\t\t\t\t<\/div>\n\t\t\t\t<\/div>\n\t\t\t\t<\/div>\n\t\t","protected":false},"excerpt":{"rendered":"<p>Entendemos que las familias juegan un papel fundamental en el proceso de desarrollo, por lo que nos proponemos ofrecer el apoyo necesario en su d\u00eda a d\u00eda dentro del hogar, ayud\u00e1ndoles a gestionar las limitaciones que puedan surgir.\u00a0 El trabajo se centra en proporcionar un Servicio Especializado en el Contexto Natural, asegurando que los aprendizajes [&hellip;]<\/p>\n","protected":false},"author":1,"featured_media":0,"parent":0,"menu_order":0,"comment_status":"closed","ping_status":"closed","template":"","meta":{"footnotes":""},"class_list":["post-352","page","type-page","status-publish","hentry"],"_links":{"self":[{"href":"https:\/\/www.asociacionimena.com\/index.php\/wp-json\/wp\/v2\/pages\/352","targetHints":{"allow":["GET"]}}],"collection":[{"href":"https:\/\/www.asociacionimena.com\/index.php\/wp-json\/wp\/v2\/pages"}],"about":[{"href":"https:\/\/www.asociacionimena.com\/index.php\/wp-json\/wp\/v2\/types\/page"}],"author":[{"embeddable":true,"href":"https:\/\/www.asociacionimena.com\/index.php\/wp-json\/wp\/v2\/users\/1"}],"replies":[{"embeddable":true,"href":"https:\/\/www.asociacionimena.com\/index.php\/wp-json\/wp\/v2\/comments?post=352"}],"version-history":[{"count":24,"href":"https:\/\/www.asociacionimena.com\/index.php\/wp-json\/wp\/v2\/pages\/352\/revisions"}],"predecessor-version":[{"id":458,"href":"https:\/\/www.asociacionimena.com\/index.php\/wp-json\/wp\/v2\/pages\/352\/revisions\/458"}],"wp:attachment":[{"href":"https:\/\/www.asociacionimena.com\/index.php\/wp-json\/wp\/v2\/media?parent=352"}],"curies":[{"name":"wp","href":"https:\/\/api.w.org\/{rel}","templated":true}]}}