{"id":354,"date":"2025-01-24T13:11:52","date_gmt":"2025-01-24T13:11:52","guid":{"rendered":"http:\/\/www.asociacionimena.com\/?page_id=354"},"modified":"2025-01-25T12:50:50","modified_gmt":"2025-01-25T12:50:50","slug":"centros-educativos","status":"publish","type":"page","link":"https:\/\/www.asociacionimena.com\/index.php\/centros-educativos\/","title":{"rendered":"Centros educativos"},"content":{"rendered":"\t\t<div data-elementor-type=\"wp-page\" data-elementor-id=\"354\" class=\"elementor elementor-354\">\n\t\t\t\t<div class=\"elementor-element elementor-element-27a0ea3a e-flex e-con-boxed e-con e-parent\" data-id=\"27a0ea3a\" data-element_type=\"container\" data-e-type=\"container\">\n\t\t\t\t\t<div class=\"e-con-inner\">\n\t\t\t\t<div class=\"elementor-element elementor-element-2101ce71 elementor-widget elementor-widget-text-editor\" data-id=\"2101ce71\" data-element_type=\"widget\" data-e-type=\"widget\" data-widget_type=\"text-editor.default\">\n\t\t\t\t<div class=\"elementor-widget-container\">\n\t\t\t\t\t\t\t\t\t\n<p>El <strong>centro educativo<\/strong> no es solo un espacio f\u00edsico donde los ni\u00f1os asisten a clases, sino un entorno din\u00e1mico en el que se construye su desarrollo integral. Cada situaci\u00f3n en el entorno educativo, ya sea en el aula, en el patio o en cualquier actividad cotidiana, ofrece una oportunidad para ense\u00f1ar algo valioso. Para que este proceso sea realmente efectivo, es esencial hacer equipo, no solo entre los profesionales de la educaci\u00f3n, sino tambi\u00e9n con las familias. El trabajo conjunto entre escuela, familia y otros profesionales permite un enfoque m\u00e1s coherente y adaptado a las necesidades de cada ni\u00f1o, brindando as\u00ed apoyo constante en todas las \u00e1reas de su vida.<\/p>\n\n<p>La comunicaci\u00f3n constante entre la escuela, la familia y los profesionales es crucial para el \u00e9xito de este proceso. Es fundamental que todos los involucrados trabajen desde un mismo enfoque, compartiendo informaci\u00f3n, estrategias y objetivos. Sin embargo, es igualmente importante reconocer la singularidad de cada ni\u00f1o o ni\u00f1a y su propio ritmo de desarrollo. Cada ni\u00f1o es diferente, y su camino de aprendizaje ser\u00e1 \u00fanico. Por eso, es necesario personalizar las estrategias y adaptarlas a las caracter\u00edsticas y necesidades individuales de cada ni\u00f1o, promoviendo un desarrollo a su propio ritmo y respetando su singularidad.<\/p>\n\n<p>El trabajo conjunto entre las familias, escuela y los profesionales es fundamental para garantizar el desarrollo integral del ni\u00f1o o ni\u00f1a. La uni\u00f3n hace la fuerza, y cuando todos los actores colaboran estrechamente, los esfuerzos se multiplican, ofreciendo un entorno m\u00e1s s\u00f3lido y enriquecedor para el menor. Es importante entender que, m\u00e1s all\u00e1 de la cantidad de tiempo dedicado, lo esencial es la calidad, enfoc\u00e1ndonos en aprovechar al m\u00e1ximo cada momento para potenciar el desarrollo integral del menor.<\/p>\n<p>En este sentido, se crea un entorno seguro y enriquecedor donde el ni\u00f1o puede aprender, crecer y desarrollarse de manera plena.<\/p>\n\t\t\t\t\t\t\t\t<\/div>\n\t\t\t\t<\/div>\n\t\t\t\t\t<\/div>\n\t\t\t\t<\/div>\n\t\t\t\t<\/div>\n\t\t","protected":false},"excerpt":{"rendered":"<p>El centro educativo no es solo un espacio f\u00edsico donde los ni\u00f1os asisten a clases, sino un entorno din\u00e1mico en el que se construye su desarrollo integral. Cada situaci\u00f3n en el entorno educativo, ya sea en el aula, en el patio o en cualquier actividad cotidiana, ofrece una oportunidad para ense\u00f1ar algo valioso. Para que [&hellip;]<\/p>\n","protected":false},"author":1,"featured_media":0,"parent":0,"menu_order":0,"comment_status":"closed","ping_status":"closed","template":"","meta":{"footnotes":""},"class_list":["post-354","page","type-page","status-publish","hentry"],"_links":{"self":[{"href":"https:\/\/www.asociacionimena.com\/index.php\/wp-json\/wp\/v2\/pages\/354","targetHints":{"allow":["GET"]}}],"collection":[{"href":"https:\/\/www.asociacionimena.com\/index.php\/wp-json\/wp\/v2\/pages"}],"about":[{"href":"https:\/\/www.asociacionimena.com\/index.php\/wp-json\/wp\/v2\/types\/page"}],"author":[{"embeddable":true,"href":"https:\/\/www.asociacionimena.com\/index.php\/wp-json\/wp\/v2\/users\/1"}],"replies":[{"embeddable":true,"href":"https:\/\/www.asociacionimena.com\/index.php\/wp-json\/wp\/v2\/comments?post=354"}],"version-history":[{"count":8,"href":"https:\/\/www.asociacionimena.com\/index.php\/wp-json\/wp\/v2\/pages\/354\/revisions"}],"predecessor-version":[{"id":465,"href":"https:\/\/www.asociacionimena.com\/index.php\/wp-json\/wp\/v2\/pages\/354\/revisions\/465"}],"wp:attachment":[{"href":"https:\/\/www.asociacionimena.com\/index.php\/wp-json\/wp\/v2\/media?parent=354"}],"curies":[{"name":"wp","href":"https:\/\/api.w.org\/{rel}","templated":true}]}}