{"id":390,"date":"2025-01-25T11:46:32","date_gmt":"2025-01-25T11:46:32","guid":{"rendered":"http:\/\/www.asociacionimena.com\/?page_id=390"},"modified":"2025-01-25T12:47:45","modified_gmt":"2025-01-25T12:47:45","slug":"intervencion-en-el-medio-natural","status":"publish","type":"page","link":"https:\/\/www.asociacionimena.com\/index.php\/intervencion-en-el-medio-natural\/","title":{"rendered":"Intervenci\u00f3n en el medio natural"},"content":{"rendered":"\t\t<div data-elementor-type=\"wp-page\" data-elementor-id=\"390\" class=\"elementor elementor-390\">\n\t\t\t\t<div class=\"elementor-element elementor-element-2dd99103 e-flex e-con-boxed e-con e-parent\" data-id=\"2dd99103\" data-element_type=\"container\" data-e-type=\"container\">\n\t\t\t\t\t<div class=\"e-con-inner\">\n\t\t\t\t<div class=\"elementor-element elementor-element-39ca40e0 elementor-widget elementor-widget-text-editor\" data-id=\"39ca40e0\" data-element_type=\"widget\" data-e-type=\"widget\" data-widget_type=\"text-editor.default\">\n\t\t\t\t<div class=\"elementor-widget-container\">\n\t\t\t\t\t\t\t\t\t\n<p>La <strong>intervenci\u00f3n en el medio natural<\/strong> del menor es una estrategia clave en el acompa\u00f1amiento a los ni\u00f1os y ni\u00f1as y sus familias. La intervenci\u00f3n se centra en el ni\u00f1o, abordando tanto sus necesidades espec\u00edficas como las del entorno familiar, promoviendo su desarrollo y bienestar.<\/p>\n\n<p>A trav\u00e9s de la intervenci\u00f3n directa con el ni\u00f1o, se busca potenciar sus habilidades de comunicaci\u00f3n, mientras que la orientaci\u00f3n y formaci\u00f3n a la familia son fundamentales para asegurar una continuidad y coherencia. Este enfoque integral y personalizado no solo favorece el desarrollo del menor, sino que tambi\u00e9n fortalece el papel de la familia como agente activo en su proceso de aprendizaje.<\/p>\n\n<p>Cada ni\u00f1o tiene su propio entorno, sus propias vivencias, intereses y desaf\u00edos. Por lo tanto, el aprendizaje debe ser significativo, relacionado con su vida diaria, sus experiencias y como abordar sus dificultades. Al adaptarnos al contexto del ni\u00f1o, podemos crear una educaci\u00f3n que no solo sea m\u00e1s relevante para \u00e9l, sino tambi\u00e9n m\u00e1s motivadora y accesible.<\/p>\n<p>Este enfoque educativo es constante,\u00a0 las 24 horas, 7 d\u00edas a la semana. Cada miembro de la familia es un agente fundamental en la vida del ni\u00f1o, y cuando todos, incluidos los profesionales, trabajamos como equipo coordinado, se favorecemos el aprendizaje del ni\u00f1o. Aunar esfuerzos no solo fortalece la intervenci\u00f3n, sino que tambi\u00e9n crea una red de apoyo en la que todos los actores involucrados pueden compartir conocimientos, resolver dudas y afrontar desaf\u00edos de manera conjunta.<\/p>\n\n<figure class=\"wp-block-image size-large\"><img fetchpriority=\"high\" decoding=\"async\" width=\"1024\" height=\"373\" class=\"wp-image-238\" src=\"http:\/\/www.asociacionimena.com\/wp-content\/uploads\/2024\/03\/cropped-asociate-1024x373.png\" alt=\"\" srcset=\"https:\/\/www.asociacionimena.com\/wp-content\/uploads\/2024\/03\/cropped-asociate-1024x373.png 1024w, https:\/\/www.asociacionimena.com\/wp-content\/uploads\/2024\/03\/cropped-asociate-300x109.png 300w, https:\/\/www.asociacionimena.com\/wp-content\/uploads\/2024\/03\/cropped-asociate-768x280.png 768w, https:\/\/www.asociacionimena.com\/wp-content\/uploads\/2024\/03\/cropped-asociate-1536x560.png 1536w, https:\/\/www.asociacionimena.com\/wp-content\/uploads\/2024\/03\/cropped-asociate-165x60.png 165w, https:\/\/www.asociacionimena.com\/wp-content\/uploads\/2024\/03\/cropped-asociate.png 1920w\" sizes=\"(max-width: 1024px) 100vw, 1024px\" \/><\/figure>\n\n<p>Abogamos por una <strong>intervenci\u00f3n temprana<\/strong>, ya que sabemos que cuanto antes se act\u00fae, mayores ser\u00e1n las oportunidades para el desarrollo de los ni\u00f1os y ni\u00f1as.<\/p>\n<p>\u00a0<\/p>\n<p>La <strong>integraci\u00f3n<\/strong> <strong>total<\/strong> es otro de nuestros objetivos, asegurando que todos los ni\u00f1os y ni\u00f1as, independientemente de sus necesidades, puedan participar plenamente en la sociedad.<\/p>\n<p>Finalmente, consideramos crucial la implicaci\u00f3n institucional en este proceso, para que las pol\u00edticas y recursos est\u00e9n alineados con las necesidades de los ni\u00f1os, las familias y los profesionales que les brindan apoyo.<\/p>\n\n<p>Contamos con la supervisi\u00f3n y el apoyo de Asociaci\u00f3n Alanda<\/p>\n<p>https:\/\/www.asociacionalanda.org\/<\/p>\n<p><span style=\"font-weight: 400;\">Alanda, declarada asociaci\u00f3n de Utilidad P\u00fablica, es reconocida por su valioso trabajo en apoyo a personas con Trastorno del Espectro del Autismo (TEA). Fundada en 1999, se centra en ni\u00f1os y ni\u00f1as con dificultades en comunicaci\u00f3n, interacci\u00f3n y lenguaje, ofreciendo un Servicio Especializado en Contexto Natural. Basada en intervenciones respaldadas por evidencia, prioriza aprendizajes funcionales en entornos como hogares y escuelas. Atiende anualmente a unas 100 familias, principalmente de la Comunidad de Madrid, y brinda asesoramiento a 30 centros. <\/span><\/p>\n\t\t\t\t\t\t\t\t<\/div>\n\t\t\t\t<\/div>\n\t\t\t\t\t<\/div>\n\t\t\t\t<\/div>\n\t\t\t\t<\/div>\n\t\t","protected":false},"excerpt":{"rendered":"<p>La intervenci\u00f3n en el medio natural del menor es una estrategia clave en el acompa\u00f1amiento a los ni\u00f1os y ni\u00f1as y sus familias. La intervenci\u00f3n se centra en el ni\u00f1o, abordando tanto sus necesidades espec\u00edficas como las del entorno familiar, promoviendo su desarrollo y bienestar. A trav\u00e9s de la intervenci\u00f3n directa con el ni\u00f1o, se [&hellip;]<\/p>\n","protected":false},"author":1,"featured_media":0,"parent":0,"menu_order":0,"comment_status":"closed","ping_status":"closed","template":"","meta":{"footnotes":""},"class_list":["post-390","page","type-page","status-publish","hentry"],"_links":{"self":[{"href":"https:\/\/www.asociacionimena.com\/index.php\/wp-json\/wp\/v2\/pages\/390","targetHints":{"allow":["GET"]}}],"collection":[{"href":"https:\/\/www.asociacionimena.com\/index.php\/wp-json\/wp\/v2\/pages"}],"about":[{"href":"https:\/\/www.asociacionimena.com\/index.php\/wp-json\/wp\/v2\/types\/page"}],"author":[{"embeddable":true,"href":"https:\/\/www.asociacionimena.com\/index.php\/wp-json\/wp\/v2\/users\/1"}],"replies":[{"embeddable":true,"href":"https:\/\/www.asociacionimena.com\/index.php\/wp-json\/wp\/v2\/comments?post=390"}],"version-history":[{"count":7,"href":"https:\/\/www.asociacionimena.com\/index.php\/wp-json\/wp\/v2\/pages\/390\/revisions"}],"predecessor-version":[{"id":462,"href":"https:\/\/www.asociacionimena.com\/index.php\/wp-json\/wp\/v2\/pages\/390\/revisions\/462"}],"wp:attachment":[{"href":"https:\/\/www.asociacionimena.com\/index.php\/wp-json\/wp\/v2\/media?parent=390"}],"curies":[{"name":"wp","href":"https:\/\/api.w.org\/{rel}","templated":true}]}}